{"id":1168,"date":"2024-07-16T09:40:32","date_gmt":"2024-07-16T08:40:32","guid":{"rendered":"https:\/\/11e11.pt\/?post_type=product&#038;p=1168"},"modified":"2024-11-11T16:15:33","modified_gmt":"2024-11-11T16:15:33","slug":"tela-decorativa-half-rabbit","status":"publish","type":"product","link":"https:\/\/11e11.pt\/index.php\/produto\/tela-decorativa-half-rabbit\/","title":{"rendered":"Tela decorativa (Half Rabbit)"},"content":{"rendered":"<p>Half Rabbit \u00e9 uma obra de arte urbana criada pelo artista portugu\u00eas Bordalo II, conhecido pelas suas esculturas feitas de materiais reciclados, a pe\u00e7a \u00e9 uma impressionante instala\u00e7\u00e3o que combina arte e ativismo ambiental.<\/p>\n<p>A escultura est\u00e1 localizada na lateral de um edif\u00edcio no Largo de Miguel Bombarda, em Vila Nova de Gaia. Esta \u00e1rea \u00e9 uma zona de grande visibilidade, pr\u00f3ximo \u00e0s caves de vinho do Porto e \u00e0s margens do rio Douro, atraindo tanto turistas quanto moradores locais. A escolha do local enfatiza a import\u00e2ncia da mensagem ambiental, atingindo um p\u00fablico amplo.<\/p>\n<p>A parte colorida do coelho \u00e9 feita de lixo reciclado e res\u00edduos urbanos, como pl\u00e1sticos, metais e outros materiais descartados, enquanto a parte cinza representa a aus\u00eancia de cor e vida. Esta dualidade visual \u00e9 uma caracter\u00edstica marcante da obra, simbolizando o contraste entre a vida vibrante e a deteriora\u00e7\u00e3o ambiental causada pelo desperd\u00edcio e pela polui\u00e7\u00e3o.<\/p>\n<p>Half Rabbit \u00e9, portanto, uma obra que transcende a est\u00e9tica para abordar quest\u00f5es ambientais urgentes. Atrav\u00e9s de sua impressionante escultura, Bordalo II consegue capturar a aten\u00e7\u00e3o do p\u00fablico, promovendo a conscientiza\u00e7\u00e3o sobre a import\u00e2ncia da reciclagem e da prote\u00e7\u00e3o do meio ambiente.<\/p>\n","protected":false},"excerpt":{"rendered":"<p><strong>Material: <\/strong>Canvas 100% Algod\u00e3o<\/p>\n<p><strong>T\u00e9cnica:<\/strong> Impress\u00e3o digital de alta defini\u00e7\u00e3o<\/p>\n<p><strong>Tinta:<\/strong> Base de \u00e1gua<\/p>\n<p><strong>Garantia:<\/strong> Garantia de 1 ano contra defeitos de fabrico<\/p>\n<p><strong>Caracter\u00edsticas:<\/strong> <strong>Estilo:<\/strong>\u00a0Moderno \/ Contempor\u00e2neo \/ Abstrato<\/p>\n<p><strong>Prazo de Entrega:<\/strong><\/p>\n<ul>\n<li>Envio em at\u00e9 5 dias \u00fateis ap\u00f3s a confirma\u00e7\u00e3o do pagamento<\/li>\n<li>Envio gr\u00e1tis para todo o pa\u00eds<\/li>\n<\/ul>\n","protected":false},"featured_media":1169,"comment_status":"open","ping_status":"closed","template":"","meta":[],"product_brand":[],"product_cat":[17,68,19],"product_tag":[],"class_list":{"0":"post-1168","1":"product","2":"type-product","3":"status-publish","4":"has-post-thumbnail","6":"product_cat-sem-categoria","7":"product_cat-porto","8":"product_cat-telas","10":"first","11":"instock","12":"taxable","13":"shipping-taxable","14":"purchasable","15":"product-type-variable"},"_links":{"self":[{"href":"https:\/\/11e11.pt\/index.php\/wp-json\/wp\/v2\/product\/1168","targetHints":{"allow":["GET"]}}],"collection":[{"href":"https:\/\/11e11.pt\/index.php\/wp-json\/wp\/v2\/product"}],"about":[{"href":"https:\/\/11e11.pt\/index.php\/wp-json\/wp\/v2\/types\/product"}],"replies":[{"embeddable":true,"href":"https:\/\/11e11.pt\/index.php\/wp-json\/wp\/v2\/comments?post=1168"}],"version-history":[{"count":6,"href":"https:\/\/11e11.pt\/index.php\/wp-json\/wp\/v2\/product\/1168\/revisions"}],"predecessor-version":[{"id":4157,"href":"https:\/\/11e11.pt\/index.php\/wp-json\/wp\/v2\/product\/1168\/revisions\/4157"}],"wp:featuredmedia":[{"embeddable":true,"href":"https:\/\/11e11.pt\/index.php\/wp-json\/wp\/v2\/media\/1169"}],"wp:attachment":[{"href":"https:\/\/11e11.pt\/index.php\/wp-json\/wp\/v2\/media?parent=1168"}],"wp:term":[{"taxonomy":"product_brand","embeddable":true,"href":"https:\/\/11e11.pt\/index.php\/wp-json\/wp\/v2\/product_brand?post=1168"},{"taxonomy":"product_cat","embeddable":true,"href":"https:\/\/11e11.pt\/index.php\/wp-json\/wp\/v2\/product_cat?post=1168"},{"taxonomy":"product_tag","embeddable":true,"href":"https:\/\/11e11.pt\/index.php\/wp-json\/wp\/v2\/product_tag?post=1168"}],"curies":[{"name":"wp","href":"https:\/\/api.w.org\/{rel}","templated":true}]}}